{"id":1961,"date":"2016-02-22T15:55:08","date_gmt":"2016-02-22T15:55:08","guid":{"rendered":"http:\/\/demo.themelogi.com\/roneous\/?page_id=1961"},"modified":"2023-03-02T18:05:34","modified_gmt":"2023-03-02T18:05:34","slug":"1-service","status":"publish","type":"page","link":"https:\/\/atelierestructuras.com\/index.php\/pages\/1-service\/","title":{"rendered":"Proyectos"},"content":{"rendered":"<section class=\"wpb-content-wrapper\"><p>[vc_row full_width=&#8221;stretch_row&#8221;][vc_column]<section  id=\"single-69e4bf475cfa2\" class=\"header-single vertical-flex m0 image-bg   parallax \" style=\"\"><div class=\"background-content\"><img width=\"1920\" height=\"1280\" src=\"https:\/\/atelierestructuras.com\/wp-content\/uploads\/2022\/10\/man-is-working-metal-factory-he-is-welding-piece-rail-using-special-tools.png\" class=\"background-image\" alt=\"\" loading=\"lazy\" srcset=\"https:\/\/atelierestructuras.com\/wp-content\/uploads\/2022\/10\/man-is-working-metal-factory-he-is-welding-piece-rail-using-special-tools.png 1920w, https:\/\/atelierestructuras.com\/wp-content\/uploads\/2022\/10\/man-is-working-metal-factory-he-is-welding-piece-rail-using-special-tools-300x200.png 300w, https:\/\/atelierestructuras.com\/wp-content\/uploads\/2022\/10\/man-is-working-metal-factory-he-is-welding-piece-rail-using-special-tools-1024x683.png 1024w, https:\/\/atelierestructuras.com\/wp-content\/uploads\/2022\/10\/man-is-working-metal-factory-he-is-welding-piece-rail-using-special-tools-768x512.png 768w, https:\/\/atelierestructuras.com\/wp-content\/uploads\/2022\/10\/man-is-working-metal-factory-he-is-welding-piece-rail-using-special-tools-1536x1024.png 1536w, https:\/\/atelierestructuras.com\/wp-content\/uploads\/2022\/10\/man-is-working-metal-factory-he-is-welding-piece-rail-using-special-tools-600x400.png 600w\" sizes=\"(max-width: 1920px) 100vw, 1920px\" \/><div  class=\"background-overlay\"><\/div><\/div><div  class=\"container vertical-flex-column item-content \"><div class=\"row\"><div class=\"standard-slide col-md-10 col-md-offset-1 col-sm-12 text-center\"><h1 class=\"heading-title-bold\">PROYECTOS<\/h1><div class=\"heading-content\"><\/div>\n                <\/div><\/div><\/div><\/section>[\/vc_column][\/vc_row][vc_row][vc_column width=&#8221;2\/3&#8243;]<div class=\"headings-title\"><div class=\"mb16  mb-xs-40 text-left\"><h5  class=\"widgettitle \">Nuestros Servicios<\/h5><div class=\"divider-wrap\"><div class=\"tlg-divider\"><\/div><\/div><\/div><\/div>[vc_column_text]Atelier Estructuras es una empresa dedicada a la construcci\u00f3n de proyectos basados en la estructura met\u00e1lica, contamos con servicio de dise\u00f1o, fabricaci\u00f3n y montaje de acero.<\/p>\n<p>Nuestros servicios est\u00e1n 100% respaldados por el conocimiento y la amplia experiencia de un excelente grupo de trabajo, logrando as\u00ed la satisfacci\u00f3n de nuestros clientes.[\/vc_column_text][\/vc_column][vc_column width=&#8221;1\/3&#8243;]<div class=\"headings-title\"><div class=\"mb16  mb-xs-40 text-left\"><h5  class=\"widgettitle \">\u00a1Cotiza tu proyecto ahora!<\/h5><div class=\"divider-wrap\"><div class=\"tlg-divider\"><\/div><\/div><\/div><\/div>[vc_column_text]<span style=\"vertical-align: inherit;\"><span style=\"vertical-align: inherit;\">Contamos con amplias instalaciones para trabajos en taller, proyectos y ejecuci\u00f3n a cualquier escala y respuesta inmediata a sus demandas y proyectos espec\u00edficos.\u00a0\u00a0<\/span><\/span>[\/vc_column_text]<div class=\"\"><a  id=\"btn-69e4bf475d3ca\" class=\"btn btn-filled btn-rounded  ti-arrow-right  btn-sm-sm\" href= \"https:\/\/atelierestructuras.com\/index.php\/pages\/2-contact-us\/\" target=\"_self\" >Cotiza ahora!<\/a><\/div>[\/vc_column][\/vc_row][vc_row tlg_padding=&#8221;pt0&#8243;][vc_column width=&#8221;1\/4&#8243;]<div id=\"iconbox-69e4bf475d404\" class=\"\"><div class=\"icon-link\"><a class=\"inherit\" href= \"#\" target=\"_self\" ><div class=\"display-table mb16 mb-xs-24 text-left\">\n\t\t\t\t    \t\t<div class=\"display-cell vertical-top\">\n\t\t\t\t    \t\t\t<i  class=\"ti-stats-up circle-icon circle-icon-bg inline-block mb16 mr-25 ms-text icon-lg\"><\/i>\n\t\t\t\t    \t\t<\/div>\n\t\t\t\t    \t\t<div class=\"display-cell\">\n\t\t\t\t    \t\t\t<h5 style=\"font-size:12px!important;line-height:22px;text-transform: uppercase!important;\" class=\"widgettitle mb8\">Servicios de Construcci\u00f3n<\/h5>\n\t\t\t\t    \t\t\t<div style=\"text-transform: none!important;\" class=\"widgetsubtitle\"><\/div>\n\t\t\t\t    \t\t\t<div  class=\"icon-content\"><\/div>\n\t\t\t\t    \t\t<\/div>\n\t\t\t\t    \t<\/div><\/a><\/div><\/div>[\/vc_column][vc_column width=&#8221;1\/4&#8243;]<div id=\"iconbox-69e4bf475d428\" class=\"\"><div class=\"icon-link\"><a class=\"inherit\" href= \"#\" target=\"_self\" ><div class=\"display-table mb16 mb-xs-24 text-left\">\n\t\t\t\t    \t\t<div class=\"display-cell vertical-top\">\n\t\t\t\t    \t\t\t<i  class=\"ti-bookmark-alt circle-icon circle-icon-bg inline-block mb16 mr-25 ms-text icon-lg\"><\/i>\n\t\t\t\t    \t\t<\/div>\n\t\t\t\t    \t\t<div class=\"display-cell\">\n\t\t\t\t    \t\t\t<h5 style=\"font-size:12px!important;line-height:22px;text-transform: uppercase!important;\" class=\"widgettitle mb8\">Fabricaci\u00f3n y montaje de estructuras m\u00e9talicas<\/h5>\n\t\t\t\t    \t\t\t<div style=\"text-transform: none!important;\" class=\"widgetsubtitle\"><\/div>\n\t\t\t\t    \t\t\t<div  class=\"icon-content\"><\/div>\n\t\t\t\t    \t\t<\/div>\n\t\t\t\t    \t<\/div><\/a><\/div><\/div>[\/vc_column][vc_column width=&#8221;1\/4&#8243;]<div id=\"iconbox-69e4bf475d43e\" class=\"\"><div class=\"icon-link\"><a class=\"inherit\" href= \"#\" target=\"_self\" ><div class=\"display-table mb16 mb-xs-24 text-left\">\n\t\t\t\t    \t\t<div class=\"display-cell vertical-top\">\n\t\t\t\t    \t\t\t<i  class=\"ti-write circle-icon circle-icon-bg inline-block mb16 mr-25 ms-text icon-lg\"><\/i>\n\t\t\t\t    \t\t<\/div>\n\t\t\t\t    \t\t<div class=\"display-cell\">\n\t\t\t\t    \t\t\t<h5 style=\"font-size:12px!important;line-height:22px;text-transform: uppercase!important;\" class=\"widgettitle mb8\">Entrepisos y cubiertas m\u00e9talicas<\/h5>\n\t\t\t\t    \t\t\t<div style=\"text-transform: none!important;\" class=\"widgetsubtitle\"><\/div>\n\t\t\t\t    \t\t\t<div  class=\"icon-content\"><\/div>\n\t\t\t\t    \t\t<\/div>\n\t\t\t\t    \t<\/div><\/a><\/div><\/div>[\/vc_column][vc_column width=&#8221;1\/4&#8243;]<div id=\"iconbox-69e4bf475d450\" class=\"\"><div class=\"icon-link\"><a class=\"inherit\" href= \"#\" target=\"_self\" ><div class=\"display-table mb16 mb-xs-24 text-left\">\n\t\t\t\t    \t\t<div class=\"display-cell vertical-top\">\n\t\t\t\t    \t\t\t<i  class=\"ti-ruler-pencil circle-icon circle-icon-bg inline-block mb16 mr-25 ms-text icon-lg\"><\/i>\n\t\t\t\t    \t\t<\/div>\n\t\t\t\t    \t\t<div class=\"display-cell\">\n\t\t\t\t    \t\t\t<h5 style=\"font-size:12px!important;line-height:22px;text-transform: uppercase!important;\" class=\"widgettitle mb8\">Recubrimiento de estructuras m\u00e9talicas<\/h5>\n\t\t\t\t    \t\t\t<div style=\"text-transform: none!important;\" class=\"widgetsubtitle\"><\/div>\n\t\t\t\t    \t\t\t<div  class=\"icon-content\"><\/div>\n\t\t\t\t    \t\t<\/div>\n\t\t\t\t    \t<\/div><\/a><\/div><\/div>[\/vc_column][\/vc_row][vc_row tlg_background_style=&#8221;bg-secondary&#8221; tlg_padding=&#8221;pb0&#8243;][vc_column width=&#8221;1\/2&#8243;]<div class=\"headings-title\"><div class=\"mb16 mb-xs-40 text-left\"><div  class=\"widgetsubtitle mb8\">Galer\u00eda<\/div><h5  class=\"widgettitle mb0\">Nuestros Proyectos<\/h5><\/div><\/div>[\/vc_column][vc_column width=&#8221;1\/2&#8243;][\/vc_column][\/vc_row][vc_row full_width=&#8221;stretch_row&#8221; tlg_background_style=&#8221;bg-secondary&#8221; tlg_padding=&#8221;pt0 pb0&#8243;][vc_column]<section class=\"projects\"><div class=\"container\"><div class=\"row masonry-loader\">\n    <div class=\"col-sm-12 text-center\">\n        <div class=\"spinner\"><\/div>\n    <\/div>\n<\/div><div id=\"project-69e4bf475e2b7\" data-id=\"project-69e4bf475e2b7\" class=\"row masonry masonry-show project-content project-masonry\"><div class=\"col-sm-6 masonry-item masonry-item project\" data-groups='[\"\"]'>\n    <div class=\"image-box hover-block text-center\">\n        <img width=\"1920\" height=\"2560\" src=\"https:\/\/atelierestructuras.com\/wp-content\/uploads\/2023\/03\/image00003-scaled.jpeg\" class=\"background-image wp-post-image\" alt=\"\" loading=\"lazy\" srcset=\"https:\/\/atelierestructuras.com\/wp-content\/uploads\/2023\/03\/image00003-scaled.jpeg 1920w, https:\/\/atelierestructuras.com\/wp-content\/uploads\/2023\/03\/image00003-225x300.jpeg 225w, https:\/\/atelierestructuras.com\/wp-content\/uploads\/2023\/03\/image00003-768x1024.jpeg 768w, https:\/\/atelierestructuras.com\/wp-content\/uploads\/2023\/03\/image00003-1152x1536.jpeg 1152w, https:\/\/atelierestructuras.com\/wp-content\/uploads\/2023\/03\/image00003-1536x2048.jpeg 1536w\" sizes=\"(max-width: 1920px) 100vw, 1920px\" \/>        <div class=\"hover-state\">\n            <a class=\"\" href=\"https:\/\/atelierestructuras.com\/index.php\/portfolio\/oxicorte\/\"><h4 class=\"mx-text mb8\">Oxicorte<\/h4><h6><\/h6><\/a>        <\/div>\n    <\/div>\n<\/div><div class=\"col-sm-6 masonry-item masonry-item project\" data-groups='[\"\"]'>\n    <div class=\"image-box hover-block text-center\">\n        <img width=\"1200\" height=\"1600\" src=\"https:\/\/atelierestructuras.com\/wp-content\/uploads\/2023\/02\/image00002.jpeg\" class=\"background-image wp-post-image\" alt=\"\" loading=\"lazy\" srcset=\"https:\/\/atelierestructuras.com\/wp-content\/uploads\/2023\/02\/image00002.jpeg 1200w, https:\/\/atelierestructuras.com\/wp-content\/uploads\/2023\/02\/image00002-225x300.jpeg 225w, https:\/\/atelierestructuras.com\/wp-content\/uploads\/2023\/02\/image00002-768x1024.jpeg 768w, https:\/\/atelierestructuras.com\/wp-content\/uploads\/2023\/02\/image00002-1152x1536.jpeg 1152w\" sizes=\"(max-width: 1200px) 100vw, 1200px\" \/>        <div class=\"hover-state\">\n            <a class=\"\" href=\"https:\/\/atelierestructuras.com\/index.php\/portfolio\/sepsa-xochitepec-morelos\/\"><h4 class=\"mx-text mb8\">SEPSA, Xochitepec Morelos<\/h4><h6><\/h6><\/a>        <\/div>\n    <\/div>\n<\/div><div class=\"col-sm-6 masonry-item masonry-item project\" data-groups='[\"\"]'>\n    <div class=\"image-box hover-block text-center\">\n        <img width=\"768\" height=\"1024\" src=\"https:\/\/atelierestructuras.com\/wp-content\/uploads\/2023\/01\/Image_4.jpeg\" class=\"background-image wp-post-image\" alt=\"\" loading=\"lazy\" srcset=\"https:\/\/atelierestructuras.com\/wp-content\/uploads\/2023\/01\/Image_4.jpeg 768w, https:\/\/atelierestructuras.com\/wp-content\/uploads\/2023\/01\/Image_4-225x300.jpeg 225w\" sizes=\"(max-width: 768px) 100vw, 768px\" \/>        <div class=\"hover-state\">\n            <a class=\"\" href=\"https:\/\/atelierestructuras.com\/index.php\/portfolio\/tulum-mexico\/\"><h4 class=\"mx-text mb8\">Tulum M\u00e9xico<\/h4><h6><\/h6><\/a>        <\/div>\n    <\/div>\n<\/div><div class=\"col-sm-6 masonry-item masonry-item project\" data-groups='[\"\"]'>\n    <div class=\"image-box hover-block text-center\">\n        <img width=\"768\" height=\"1024\" src=\"https:\/\/atelierestructuras.com\/wp-content\/uploads\/2023\/01\/Image_2-1.jpeg\" class=\"background-image wp-post-image\" alt=\"\" loading=\"lazy\" srcset=\"https:\/\/atelierestructuras.com\/wp-content\/uploads\/2023\/01\/Image_2-1.jpeg 768w, https:\/\/atelierestructuras.com\/wp-content\/uploads\/2023\/01\/Image_2-1-225x300.jpeg 225w\" sizes=\"(max-width: 768px) 100vw, 768px\" \/>        <div class=\"hover-state\">\n            <a class=\"\" href=\"https:\/\/atelierestructuras.com\/index.php\/portfolio\/soldadura-en-varilla-bulbos\/\"><h4 class=\"mx-text mb8\">Soldadura en Varilla Bulbos<\/h4><h6><\/h6><\/a>        <\/div>\n    <\/div>\n<\/div><div class=\"col-sm-6 masonry-item masonry-item project\" data-groups='[\"\"]'>\n    <div class=\"image-box hover-block text-center\">\n        <img width=\"768\" height=\"1024\" src=\"https:\/\/atelierestructuras.com\/wp-content\/uploads\/2023\/01\/Image_1.jpeg\" class=\"background-image wp-post-image\" alt=\"\" loading=\"lazy\" srcset=\"https:\/\/atelierestructuras.com\/wp-content\/uploads\/2023\/01\/Image_1.jpeg 768w, https:\/\/atelierestructuras.com\/wp-content\/uploads\/2023\/01\/Image_1-225x300.jpeg 225w\" sizes=\"(max-width: 768px) 100vw, 768px\" \/>        <div class=\"hover-state\">\n            <a class=\"\" href=\"https:\/\/atelierestructuras.com\/index.php\/portfolio\/herreras-en-general\/\"><h4 class=\"mx-text mb8\">Herreras en General<\/h4><h6><\/h6><\/a>        <\/div>\n    <\/div>\n<\/div><div class=\"col-sm-6 masonry-item masonry-item project\" data-groups='[\"\"]'>\n    <div class=\"image-box hover-block text-center\">\n        <img width=\"780\" height=\"1040\" src=\"https:\/\/atelierestructuras.com\/wp-content\/uploads\/2023\/01\/IMG_2551.jpg\" class=\"background-image wp-post-image\" alt=\"\" loading=\"lazy\" srcset=\"https:\/\/atelierestructuras.com\/wp-content\/uploads\/2023\/01\/IMG_2551.jpg 780w, https:\/\/atelierestructuras.com\/wp-content\/uploads\/2023\/01\/IMG_2551-225x300.jpg 225w, https:\/\/atelierestructuras.com\/wp-content\/uploads\/2023\/01\/IMG_2551-768x1024.jpg 768w\" sizes=\"(max-width: 780px) 100vw, 780px\" \/>        <div class=\"hover-state\">\n            <a class=\"\" href=\"https:\/\/atelierestructuras.com\/index.php\/portfolio\/aeropuerto-internacional-felipe-angeles-aifa\/\"><h4 class=\"mx-text mb8\">Aeropuerto Internacional Felipe \u00c1ngeles (AIFA)<\/h4><h6><\/h6><\/a>        <\/div>\n    <\/div>\n<\/div><div class=\"col-sm-6 masonry-item masonry-item project\" data-groups='[\"\"]'>\n    <div class=\"image-box hover-block text-center\">\n        <img width=\"1280\" height=\"960\" src=\"https:\/\/atelierestructuras.com\/wp-content\/uploads\/2022\/10\/a9dd2c5b-01cb-4296-b295-f1c34644113e-1.jpg\" class=\"background-image wp-post-image\" alt=\"\" loading=\"lazy\" srcset=\"https:\/\/atelierestructuras.com\/wp-content\/uploads\/2022\/10\/a9dd2c5b-01cb-4296-b295-f1c34644113e-1.jpg 1280w, https:\/\/atelierestructuras.com\/wp-content\/uploads\/2022\/10\/a9dd2c5b-01cb-4296-b295-f1c34644113e-1-300x225.jpg 300w, https:\/\/atelierestructuras.com\/wp-content\/uploads\/2022\/10\/a9dd2c5b-01cb-4296-b295-f1c34644113e-1-1024x768.jpg 1024w, https:\/\/atelierestructuras.com\/wp-content\/uploads\/2022\/10\/a9dd2c5b-01cb-4296-b295-f1c34644113e-1-768x576.jpg 768w\" sizes=\"(max-width: 1280px) 100vw, 1280px\" \/>        <div class=\"hover-state\">\n            <a class=\"\" href=\"https:\/\/atelierestructuras.com\/index.php\/portfolio\/project-content-builder\/\"><h4 class=\"mx-text mb8\">Proyecto en Cuernavaca, Morelos<\/h4><h6><\/h6><\/a>        <\/div>\n    <\/div>\n<\/div><div class=\"col-sm-6 masonry-item masonry-item project\" data-groups='[\"\"]'>\n    <div class=\"image-box hover-block text-center\">\n        <img width=\"1040\" height=\"780\" src=\"https:\/\/atelierestructuras.com\/wp-content\/uploads\/2016\/03\/foto3.jpg\" class=\"background-image wp-post-image\" alt=\"\" loading=\"lazy\" srcset=\"https:\/\/atelierestructuras.com\/wp-content\/uploads\/2016\/03\/foto3.jpg 1040w, https:\/\/atelierestructuras.com\/wp-content\/uploads\/2016\/03\/foto3-300x225.jpg 300w, https:\/\/atelierestructuras.com\/wp-content\/uploads\/2016\/03\/foto3-1024x768.jpg 1024w, https:\/\/atelierestructuras.com\/wp-content\/uploads\/2016\/03\/foto3-768x576.jpg 768w\" sizes=\"(max-width: 1040px) 100vw, 1040px\" \/>        <div class=\"hover-state\">\n            <a class=\"\" href=\"https:\/\/atelierestructuras.com\/index.php\/portfolio\/project-masonry-image\/\"><h4 class=\"mx-text mb8\">Pullman de Morelos, Zacatepec Morelos<\/h4><h6><\/h6><\/a>        <\/div>\n    <\/div>\n<\/div><div class=\"col-sm-6 masonry-item masonry-item project\" data-groups='[\"\"]'>\n    <div class=\"image-box hover-block text-center\">\n        <img width=\"1280\" height=\"960\" src=\"https:\/\/atelierestructuras.com\/wp-content\/uploads\/2016\/03\/Plaza-Comercial.jpg\" class=\"background-image wp-post-image\" alt=\"\" loading=\"lazy\" srcset=\"https:\/\/atelierestructuras.com\/wp-content\/uploads\/2016\/03\/Plaza-Comercial.jpg 1280w, https:\/\/atelierestructuras.com\/wp-content\/uploads\/2016\/03\/Plaza-Comercial-300x225.jpg 300w, https:\/\/atelierestructuras.com\/wp-content\/uploads\/2016\/03\/Plaza-Comercial-1024x768.jpg 1024w, https:\/\/atelierestructuras.com\/wp-content\/uploads\/2016\/03\/Plaza-Comercial-768x576.jpg 768w\" sizes=\"(max-width: 1280px) 100vw, 1280px\" \/>        <div class=\"hover-state\">\n            <a class=\"\" href=\"https:\/\/atelierestructuras.com\/index.php\/portfolio\/content-project-standard\/\"><h4 class=\"mx-text mb8\">Plaza comercial<\/h4><h6><\/h6><\/a>        <\/div>\n    <\/div>\n<\/div><div class=\"col-sm-6 masonry-item masonry-item project\" data-groups='[\"\"]'>\n    <div class=\"image-box hover-block text-center\">\n        <img width=\"943\" height=\"1030\" src=\"https:\/\/atelierestructuras.com\/wp-content\/uploads\/2022\/10\/2-thumbnail_5fb42f6e-3173-4863-b188-62e340241ede-1.jpg\" class=\"background-image wp-post-image\" alt=\"\" loading=\"lazy\" srcset=\"https:\/\/atelierestructuras.com\/wp-content\/uploads\/2022\/10\/2-thumbnail_5fb42f6e-3173-4863-b188-62e340241ede-1.jpg 943w, https:\/\/atelierestructuras.com\/wp-content\/uploads\/2022\/10\/2-thumbnail_5fb42f6e-3173-4863-b188-62e340241ede-1-275x300.jpg 275w, https:\/\/atelierestructuras.com\/wp-content\/uploads\/2022\/10\/2-thumbnail_5fb42f6e-3173-4863-b188-62e340241ede-1-938x1024.jpg 938w, https:\/\/atelierestructuras.com\/wp-content\/uploads\/2022\/10\/2-thumbnail_5fb42f6e-3173-4863-b188-62e340241ede-1-768x839.jpg 768w\" sizes=\"(max-width: 943px) 100vw, 943px\" \/>        <div class=\"hover-state\">\n            <a class=\"\" href=\"https:\/\/atelierestructuras.com\/index.php\/portfolio\/halfscreen-builder\/\"><h4 class=\"mx-text mb8\">Elektra Arcelia, Guerrero<\/h4><h6><\/h6><\/a>        <\/div>\n    <\/div>\n<\/div><\/div><\/div><\/section>[\/vc_column][\/vc_row]<\/p>\n<\/section>","protected":false},"excerpt":{"rendered":"<p>[vc_row full_width=&#8221;stretch_row&#8221;][vc_column][\/vc_column][\/vc_row][vc_row][vc_column width=&#8221;2\/3&#8243;][vc_column_text]Atelier Estructuras es una empresa dedicada a la construcci\u00f3n de proyectos basados en la&#8230;<\/p>\n","protected":false},"author":1,"featured_media":3434,"parent":1951,"menu_order":0,"comment_status":"closed","ping_status":"closed","template":"","meta":{"om_disable_all_campaigns":false,"_monsterinsights_skip_tracking":false,"_monsterinsights_sitenote_active":false,"_monsterinsights_sitenote_note":"","_monsterinsights_sitenote_category":0},"aioseo_notices":[],"_links":{"self":[{"href":"https:\/\/atelierestructuras.com\/index.php\/wp-json\/wp\/v2\/pages\/1961"}],"collection":[{"href":"https:\/\/atelierestructuras.com\/index.php\/wp-json\/wp\/v2\/pages"}],"about":[{"href":"https:\/\/atelierestructuras.com\/index.php\/wp-json\/wp\/v2\/types\/page"}],"author":[{"embeddable":true,"href":"https:\/\/atelierestructuras.com\/index.php\/wp-json\/wp\/v2\/users\/1"}],"replies":[{"embeddable":true,"href":"https:\/\/atelierestructuras.com\/index.php\/wp-json\/wp\/v2\/comments?post=1961"}],"version-history":[{"count":36,"href":"https:\/\/atelierestructuras.com\/index.php\/wp-json\/wp\/v2\/pages\/1961\/revisions"}],"predecessor-version":[{"id":5010,"href":"https:\/\/atelierestructuras.com\/index.php\/wp-json\/wp\/v2\/pages\/1961\/revisions\/5010"}],"up":[{"embeddable":true,"href":"https:\/\/atelierestructuras.com\/index.php\/wp-json\/wp\/v2\/pages\/1951"}],"wp:featuredmedia":[{"embeddable":true,"href":"https:\/\/atelierestructuras.com\/index.php\/wp-json\/wp\/v2\/media\/3434"}],"wp:attachment":[{"href":"https:\/\/atelierestructuras.com\/index.php\/wp-json\/wp\/v2\/media?parent=1961"}],"curies":[{"name":"wp","href":"https:\/\/api.w.org\/{rel}","templated":true}]}}