{"id":2037,"date":"2016-02-23T14:25:52","date_gmt":"2016-02-23T14:25:52","guid":{"rendered":"http:\/\/demo.themelogi.com\/roneous\/?page_id=2037"},"modified":"2023-03-14T23:16:02","modified_gmt":"2023-03-14T23:16:02","slug":"the-journals","status":"publish","type":"page","link":"https:\/\/atelierestructuras.com\/","title":{"rendered":"INICIO ATELIER"},"content":{"rendered":"<section class=\"wpb-content-wrapper\"><p>[vc_row full_width=&#8221;stretch_row&#8221;][vc_column][rev_slider_vc alias=&#8221;blog-slider&#8221;][\/vc_column][\/vc_row][vc_row tlg_background_style=&#8221;bg-secondary&#8221; css=&#8221;.vc_custom_1666740761270{background-color: #f79400 !important;}&#8221;][vc_column]<div class=\"headings-title\"><div class=\"mb0 mb16 mb-xs-40 text-center\"><h3 style=\"color:#ffffff!important;\" class=\"widgettitle mb0\">\u00bfTIENES UN PROYECTO EN PUERTA? CONT\u00c1CTANOS!<\/h3><\/div><\/div>[\/vc_column][\/vc_row][vc_row full_width=&#8221;stretch_row&#8221;][vc_column]<div class=\"tlg-spacer\" data-height=\"50\" data-height-tablet=\"15\" data-height-mobile=\"10\" style=\"clear:both;display:block;height:50px;\"><\/div>[\/vc_column][\/vc_row][vc_row tlg_padding=&#8221;pt0&#8243;][vc_column width=&#8221;1\/3&#8243;]<div id=\"iconbox-69e0dcedbef8b\" class=\"\"><div class=\"icon-link\"><div class=\"display-table mb16 mb-xs-24 text-left\">\n\t\t\t\t    \t\t<div class=\"display-cell vertical-top\">\n\t\t\t\t    \t\t\t<i style=\"font-size:50px!important;color:#a5a5a4;\" class=\"ti-ruler-pencil  inline-block mb16 mr-25 ms-text icon-lg\"><\/i>\n\t\t\t\t    \t\t<\/div>\n\t\t\t\t    \t\t<div class=\"display-cell\">\n\t\t\t\t    \t\t\t<h5  class=\"widgettitle mb8\">DISE\u00d1O<\/h5>\n\t\t\t\t    \t\t\t<div  class=\"widgetsubtitle\"><\/div>\n\t\t\t\t    \t\t\t<div  class=\"icon-content\"><p><span style=\"vertical-align: inherit;\"><span style=\"vertical-align: inherit;\"><span style=\"vertical-align: inherit;\"><span style=\"vertical-align: inherit;\"><span style=\"vertical-align: inherit;\"><span style=\"vertical-align: inherit;\"><span style=\"vertical-align: inherit;\"><span style=\"vertical-align: inherit;\">Dise\u00f1amos la mejor propuesta estructural para tu proyecto, con soluciones eficientes.<\/span><\/span><\/span><\/span><\/span><\/span><\/span><\/span><\/p>\n<\/div>\n\t\t\t\t    \t\t<\/div>\n\t\t\t\t    \t<\/div><\/div><\/div>[\/vc_column][vc_column width=&#8221;1\/3&#8243;]<div id=\"iconbox-69e0dcedbefb3\" class=\"\"><div class=\"icon-link\"><div class=\"display-table mb16 mb-xs-24 text-left\">\n\t\t\t\t    \t\t<div class=\"display-cell vertical-top\">\n\t\t\t\t    \t\t\t<i style=\"font-size:50px!important;color:#a5a5a4;\" class=\"ti-package  inline-block mb16 mr-25 ms-text icon-lg\"><\/i>\n\t\t\t\t    \t\t<\/div>\n\t\t\t\t    \t\t<div class=\"display-cell\">\n\t\t\t\t    \t\t\t<h5  class=\"widgettitle mb8\">FABRICACI\u00d3N<\/h5>\n\t\t\t\t    \t\t\t<div  class=\"widgetsubtitle\"><\/div>\n\t\t\t\t    \t\t\t<div  class=\"icon-content\"><p><span style=\"vertical-align: inherit;\"><span style=\"vertical-align: inherit;\"><span style=\"vertical-align: inherit;\"><span style=\"vertical-align: inherit;\"><span style=\"vertical-align: inherit;\"><span style=\"vertical-align: inherit;\">Somos expertos en fabricar estructuras de excelente calidad.<\/span><\/span><\/span><\/span><\/span><\/span><\/p>\n<\/div>\n\t\t\t\t    \t\t<\/div>\n\t\t\t\t    \t<\/div><\/div><\/div>[\/vc_column][vc_column width=&#8221;1\/3&#8243;]<div id=\"iconbox-69e0dcedbefcd\" class=\"\"><div class=\"icon-link\"><div class=\"display-table mb16 mb-xs-24 text-left\">\n\t\t\t\t    \t\t<div class=\"display-cell vertical-top\">\n\t\t\t\t    \t\t\t<i style=\"font-size:50px!important;color:#a5a5a4;\" class=\"ti-hummer  inline-block mb16 mr-25 ms-text icon-lg\"><\/i>\n\t\t\t\t    \t\t<\/div>\n\t\t\t\t    \t\t<div class=\"display-cell\">\n\t\t\t\t    \t\t\t<h5  class=\"widgettitle mb8\">MONTAJE<\/h5>\n\t\t\t\t    \t\t\t<div  class=\"widgetsubtitle\"><\/div>\n\t\t\t\t    \t\t\t<div  class=\"icon-content\"><p><span style=\"vertical-align: inherit;\"><span style=\"vertical-align: inherit;\"><span style=\"vertical-align: inherit;\"><span style=\"vertical-align: inherit;\"><span style=\"vertical-align: inherit;\"><span style=\"vertical-align: inherit;\">Utilizamos equipo especializado para el montaje de las estructuras.<\/span><\/span><\/span><\/span><\/span><\/span><\/p>\n<\/div>\n\t\t\t\t    \t\t<\/div>\n\t\t\t\t    \t<\/div><\/div><\/div>[\/vc_column][\/vc_row][vc_row css=&#8221;.vc_custom_1666750168812{background-color: #eaeaea !important;}&#8221;][vc_column width=&#8221;2\/3&#8243;]<div class=\"headings-title\"><div class=\"mb16 mb16 mb-xs-40 text-left\"><h4  class=\"widgettitle mb0\">ATELIER ESTRUCTURAS<\/h4><\/div><\/div>[vc_column_text]Somos especialistas en el dise\u00f1o, la fabricaci\u00f3n y el montaje de estructuras met\u00e1licas. Para nosotros lo m\u00e1s importante es la calidad y excelencia. Cada uno de nuestros proyectos hablan\u00a0 de nuestro compromiso con el cliente.<\/p>\n<h4 class=\"word-rotator letters type font-weight-bold text-color-light text-5 pt-3 mb-3\">BENEFICIOS DE LAS ESTRUCTURAS MET\u00c1LICAS<\/h4>\n<p>[\/vc_column_text][vc_row_inner][vc_column_inner width=&#8221;1\/2&#8243;]<div class=\"icon_title_list-content icon-list\"><ul class=\"icon_title_list\"><li><span class=\"inline-block mb8 mr-15\"><i style=\"color:#8fae1b;\" class=\"ti-check  inline-block\"><\/i><\/span><span>Rigidez y resistencia. Alta capacidad de soportar cargas de sin colapsar, adem\u00e1s de contar con la solidez para evitar deformaciones.<\/span><\/li><li><span class=\"inline-block mb8 mr-15\"><i style=\"color:#8fae1b;\" class=\"ti-check  inline-block\"><\/i><\/span><span>Son uniformes, ya que sus propiedades no cambian con el tiempo, como en el caso de las estructuras de hormig\u00f3n.<\/span><\/li><\/ul><\/div>[\/vc_column_inner][vc_column_inner width=&#8221;1\/2&#8243;]<div class=\"icon_title_list-content icon-list\"><ul class=\"icon_title_list\"><li><span class=\"inline-block mb8 mr-15\"><i style=\"color:#8fae1b;\" class=\"ti-check  inline-block\"><\/i><\/span><span>Mayor resistencia a la fatiga que el hormig\u00f3n.<\/span><\/li><li><span class=\"inline-block mb8 mr-15\"><i style=\"color:#8fae1b;\" class=\"ti-check  inline-block\"><\/i><\/span><span>Posee una gran ductilidad<\/span><\/li><li><span class=\"inline-block mb8 mr-15\"><i style=\"color:#8fae1b;\" class=\"ti-check  inline-block\"><\/i><\/span><span>Facilidad de laminarse, en varios tama\u00f1os y formas.<\/span><\/li><li><span class=\"inline-block mb8 mr-15\"><i style=\"color:#8fae1b;\" class=\"ti-check  inline-block\"><\/i><\/span><span>Una de las propiedades m\u00e1s destacadas de este material es su adaptabilidad<\/span><\/li><\/ul><\/div>[\/vc_column_inner][\/vc_row_inner][\/vc_column][vc_column width=&#8221;1\/3&#8243;][vc_single_image image=&#8221;4971&#8243; img_size=&#8221;large&#8221;]<div id=\"iconbox-69e0dcedbf06b\" class=\"\"><div class=\"icon-link\"><div class=\"display-table mb16 mb-xs-24 text-left\">\n\t\t\t\t    \t\t<div class=\"display-cell vertical-top\">\n\t\t\t\t    \t\t\t<i  class=\"ti-facebook  inline-block mb16 mr-25 ms-text icon-lg\"><\/i>\n\t\t\t\t    \t\t<\/div>\n\t\t\t\t    \t\t<div class=\"display-cell\">\n\t\t\t\t    \t\t\t<h5  class=\"widgettitle mb8\"><a href= \"https:\/\/www.facebook.com\/arq.nestor.chavez?mibextid=LQQJ4d\" target=\"_self\" >S\u00edguenos en Facebook<\/a><\/h5>\n\t\t\t\t    \t\t\t<div  class=\"widgetsubtitle\"><\/div>\n\t\t\t\t    \t\t\t<div  class=\"icon-content\"><\/div>\n\t\t\t\t    \t\t<\/div>\n\t\t\t\t    \t<\/div><\/div><\/div><div id=\"iconbox-69e0dcedbf09c\" class=\"\"><div class=\"icon-link\"><div class=\"display-table mb16 mb-xs-24 text-left\">\n\t\t\t\t    \t\t<div class=\"display-cell vertical-top\">\n\t\t\t\t    \t\t\t<i  class=\"ti-instagram  inline-block mb16 mr-25 ms-text icon-lg\"><\/i>\n\t\t\t\t    \t\t<\/div>\n\t\t\t\t    \t\t<div class=\"display-cell\">\n\t\t\t\t    \t\t\t<h5  class=\"widgettitle mb8\"><a href= \"https:\/\/www.instagram.com\/atelier_estructuras\/\" target=\"_self\" >S\u00edguenos en Instagram<\/a><\/h5>\n\t\t\t\t    \t\t\t<div  class=\"widgetsubtitle\"><\/div>\n\t\t\t\t    \t\t\t<div  class=\"icon-content\"><\/div>\n\t\t\t\t    \t\t<\/div>\n\t\t\t\t    \t<\/div><\/div><\/div>[\/vc_column][\/vc_row][vc_row full_width=&#8221;stretch_row&#8221;][vc_column][\/vc_column][\/vc_row][vc_row tlg_padding=&#8221;pt180 pb180 pt-xs-80 pb-xs-80&#8243; tlg_enable_overlay=&#8221;yes&#8221; tlg_text_align=&#8221;text-center&#8221; css=&#8221;.vc_custom_1667001495964{background: #0a0000 url(https:\/\/atelierestructuras.com\/wp-content\/uploads\/2022\/10\/man-is-working-metal-factory-he-is-welding-piece-rail-using-special-tools.png?id=4706) !important;}&#8221; tlg_bg_overlay=&#8221;#000000&#8243; tlg_bg_overlay_value=&#8221;3&#8243;][vc_column width=&#8221;1\/6&#8243;][\/vc_column][vc_column width=&#8221;2\/3&#8243;]<div class=\"headings-title\"><div class=\"mb40  mb-xs-40 text-center\"><h5 style=\"color:#ffffff!important;font-size:75px;line-height:85px;text-transform: uppercase!important;text-shadow:none;font-family:Montserrat;font-weight:700;font-style:normal;\" class=\"widgettitle \">Incorporamos:<\/h5><div class=\"divider-wrap\"><div class=\"tlg-divider\"><\/div><\/div><div style=\"font-size:23px;line-height:28px;padding-top:35px;text-transform: none!important;text-shadow:none;font-family:Poppins;font-weight:600;font-style:normal;\" class=\"widgetsubtitle\">seguridad, calidad, responsabilidad y \u00e9xito en cada pieza de acero.<\/div><\/div><\/div>[\/vc_column][vc_column width=&#8221;1\/6&#8243;][\/vc_column][\/vc_row][vc_row tlg_background_style=&#8221;bg-secondary&#8221;][vc_column]<div class=\"headings-title\"><div class=\"mb0 mb16 mb-xs-40 text-center\"><h5 style=\"font-size:30px;line-height:40px;text-transform: uppercase!important;text-shadow:none;font-family:Montserrat;font-weight:700;font-style:normal;\" class=\"widgettitle mb0\">Algunos de nuestros trabajos<\/h5><div style=\"font-size:18px;line-height:23px;text-transform: none!important;text-shadow:none;font-family:Poppins;font-weight:500;font-style:normal;\" class=\"widgetsubtitle\">M\u00e1s sobresalientes<\/div><\/div><\/div>[\/vc_column][\/vc_row][vc_row full_width=&#8221;stretch_row&#8221;][vc_column][vc_row_inner][vc_column_inner width=&#8221;1\/3&#8243;]<div class=\"image-captions\"><div class=\"image-caption hover-caption\"><img width=\"780\" height=\"1040\" src=\"https:\/\/atelierestructuras.com\/wp-content\/uploads\/2023\/01\/IMG_2554.jpg\" class=\"attachment-full size-full\" alt=\"\" loading=\"lazy\" srcset=\"https:\/\/atelierestructuras.com\/wp-content\/uploads\/2023\/01\/IMG_2554.jpg 780w, https:\/\/atelierestructuras.com\/wp-content\/uploads\/2023\/01\/IMG_2554-225x300.jpg 225w, https:\/\/atelierestructuras.com\/wp-content\/uploads\/2023\/01\/IMG_2554-768x1024.jpg 768w\" sizes=\"(max-width: 780px) 100vw, 780px\" \/><div class=\"caption\"><h5 style=\"font-size:40px;line-height:50px;\" class=\"widgettitle mb0\"><\/h5><div style=\"font-size:25px;line-height:30px;\" class=\"widgetsubtitle\"><\/div><\/div><\/div><\/div>[\/vc_column_inner][vc_column_inner width=&#8221;1\/3&#8243;]<div class=\"image-captions\"><div class=\"image-caption hover-caption\"><img width=\"768\" height=\"1024\" src=\"https:\/\/atelierestructuras.com\/wp-content\/uploads\/2016\/03\/Image.jpeg\" class=\"attachment-full size-full\" alt=\"\" loading=\"lazy\" srcset=\"https:\/\/atelierestructuras.com\/wp-content\/uploads\/2016\/03\/Image.jpeg 768w, https:\/\/atelierestructuras.com\/wp-content\/uploads\/2016\/03\/Image-225x300.jpeg 225w\" sizes=\"(max-width: 768px) 100vw, 768px\" \/><div class=\"caption\"><h5 style=\"font-size:40px;line-height:50px;\" class=\"widgettitle mb0\"><\/h5><div style=\"font-size:25px;line-height:30px;\" class=\"widgetsubtitle\"><\/div><\/div><\/div><\/div>[\/vc_column_inner][vc_column_inner width=&#8221;1\/3&#8243;]<div class=\"image-captions\"><div class=\"image-caption hover-caption\"><img width=\"768\" height=\"1024\" src=\"https:\/\/atelierestructuras.com\/wp-content\/uploads\/2023\/01\/Image_1-2.jpeg\" class=\"attachment-full size-full\" alt=\"\" loading=\"lazy\" srcset=\"https:\/\/atelierestructuras.com\/wp-content\/uploads\/2023\/01\/Image_1-2.jpeg 768w, https:\/\/atelierestructuras.com\/wp-content\/uploads\/2023\/01\/Image_1-2-225x300.jpeg 225w\" sizes=\"(max-width: 768px) 100vw, 768px\" \/><div class=\"caption\"><h5 style=\"font-size:40px;line-height:50px;\" class=\"widgettitle mb0\"><\/h5><div style=\"font-size:25px;line-height:30px;\" class=\"widgetsubtitle\"><\/div><\/div><\/div><\/div>[\/vc_column_inner][\/vc_row_inner]<div class=\"tlg-spacer\" data-height=\"35\" data-height-tablet=\"35\" data-height-mobile=\"35\" style=\"clear:both;display:block;height:35px;\"><\/div><div class=\"headings-title\"><div class=\"mb0 mb16 mb-xs-40 text-center\"><h5 style=\"font-size:30px;line-height:40px;text-transform: uppercase!important;text-shadow:none;font-family:Montserrat;font-weight:700;font-style:normal;\" class=\"widgettitle mb0\">NUESTROS CLIENTES<\/h5><\/div><\/div><div class=\"tlg-spacer\" data-height=\"38\" data-height-tablet=\"38\" data-height-mobile=\"38\" style=\"clear:both;display:block;height:38px;\"><\/div><div class=\"logo-carousel\"><ul class=\"slides\"><li>\r\n    <img width=\"145\" height=\"145\" src=\"https:\/\/atelierestructuras.com\/wp-content\/uploads\/2015\/12\/Torbell.png\" class=\"attachment-full size-full wp-post-image\" alt=\"\" loading=\"lazy\" srcset=\"https:\/\/atelierestructuras.com\/wp-content\/uploads\/2015\/12\/Torbell.png 145w, https:\/\/atelierestructuras.com\/wp-content\/uploads\/2015\/12\/Torbell-60x60.png 60w\" sizes=\"(max-width: 145px) 100vw, 145px\" \/><\/li><li>\r\n    <a href=\"#\" target=\"_blank\"><img width=\"200\" height=\"200\" src=\"https:\/\/atelierestructuras.com\/wp-content\/uploads\/2015\/12\/1519883075340.jpeg\" class=\"attachment-full size-full wp-post-image\" alt=\"\" loading=\"lazy\" srcset=\"https:\/\/atelierestructuras.com\/wp-content\/uploads\/2015\/12\/1519883075340.jpeg 200w, https:\/\/atelierestructuras.com\/wp-content\/uploads\/2015\/12\/1519883075340-150x150.jpeg 150w, https:\/\/atelierestructuras.com\/wp-content\/uploads\/2015\/12\/1519883075340-60x60.jpeg 60w\" sizes=\"(max-width: 200px) 100vw, 200px\" \/><\/a><\/li><li>\r\n    <a href=\"#\" target=\"_blank\"><img width=\"224\" height=\"224\" src=\"https:\/\/atelierestructuras.com\/wp-content\/uploads\/2015\/12\/descarga.png\" class=\"attachment-full size-full wp-post-image\" alt=\"\" loading=\"lazy\" srcset=\"https:\/\/atelierestructuras.com\/wp-content\/uploads\/2015\/12\/descarga.png 224w, https:\/\/atelierestructuras.com\/wp-content\/uploads\/2015\/12\/descarga-150x150.png 150w, https:\/\/atelierestructuras.com\/wp-content\/uploads\/2015\/12\/descarga-60x60.png 60w\" sizes=\"(max-width: 224px) 100vw, 224px\" \/><\/a><\/li><li>\r\n    <a href=\"#\" target=\"_blank\"><img width=\"900\" height=\"900\" src=\"https:\/\/atelierestructuras.com\/wp-content\/uploads\/2015\/12\/Homex.jpeg\" class=\"attachment-full size-full wp-post-image\" alt=\"\" loading=\"lazy\" srcset=\"https:\/\/atelierestructuras.com\/wp-content\/uploads\/2015\/12\/Homex.jpeg 900w, https:\/\/atelierestructuras.com\/wp-content\/uploads\/2015\/12\/Homex-300x300.jpeg 300w, https:\/\/atelierestructuras.com\/wp-content\/uploads\/2015\/12\/Homex-150x150.jpeg 150w, https:\/\/atelierestructuras.com\/wp-content\/uploads\/2015\/12\/Homex-768x768.jpeg 768w, https:\/\/atelierestructuras.com\/wp-content\/uploads\/2015\/12\/Homex-60x60.jpeg 60w\" sizes=\"(max-width: 900px) 100vw, 900px\" \/><\/a><\/li><\/ul><\/div><div class=\"tlg-spacer\" data-height=\"38\" data-height-tablet=\"38\" data-height-mobile=\"38\" style=\"clear:both;display:block;height:38px;\"><\/div>[\/vc_column][\/vc_row][vc_row tlg_background_style=&#8221;bg-primary&#8221; tlg_enable_overlay=&#8221;yes&#8221; tlg_text_align=&#8221;text-center&#8221; tlg_bg_overlay=&#8221;#10b8d2&#8243; tlg_bg_overlay_value=&#8221;8.5&#8243; tlg_bg_gradient_color=&#8221;#1c94eb&#8221; css=&#8221;.vc_custom_1667070343053{background: #fc9700 url(https:\/\/atelierestructuras.com\/wp-content\/uploads\/2016\/07\/forest-fog.jpg?id=3379) !important;}&#8221;][vc_column]<div class=\"tlg-spacer\" data-height=\"35\" data-height-tablet=\"35\" data-height-mobile=\"35\" style=\"clear:both;display:block;height:35px;\"><\/div><div class=\"headings-title\"><div class=\"mb16 mb16 mb-xs-40 text-center\"><h5  class=\"widgettitle mb0\">\u00bfTe interesa cotizar tu proyecto con nosotros?<\/h5><div  class=\"widgetsubtitle\">D\u00e9janos tus datos y nosotros nos comunicamos contigo<\/div><\/div><\/div><div role=\"form\" class=\"wpcf7\" id=\"wpcf7-f14-o1\" lang=\"en-US\" dir=\"ltr\">\n<div class=\"screen-reader-response\"><p role=\"status\" aria-live=\"polite\" aria-atomic=\"true\"><\/p> <ul><\/ul><\/div>\n<form action=\"\/index.php\/wp-json\/wp\/v2\/pages\/2037#wpcf7-f14-o1\" method=\"post\" class=\"wpcf7-form init\" novalidate=\"novalidate\" data-status=\"init\">\n<div style=\"display: none;\">\n<input type=\"hidden\" name=\"_wpcf7\" value=\"14\" \/>\n<input type=\"hidden\" name=\"_wpcf7_version\" value=\"5.6.4\" \/>\n<input type=\"hidden\" name=\"_wpcf7_locale\" value=\"en_US\" \/>\n<input type=\"hidden\" name=\"_wpcf7_unit_tag\" value=\"wpcf7-f14-o1\" \/>\n<input type=\"hidden\" name=\"_wpcf7_container_post\" value=\"0\" \/>\n<input type=\"hidden\" name=\"_wpcf7_posted_data_hash\" value=\"\" \/>\n<\/div>\n<p><label> Tu nombre<br \/>\n    <span class=\"wpcf7-form-control-wrap\" data-name=\"your-name\"><input type=\"text\" name=\"your-name\" value=\"\" size=\"40\" class=\"wpcf7-form-control wpcf7-text wpcf7-validates-as-required\" aria-required=\"true\" aria-invalid=\"false\" \/><\/span> <\/label><\/p>\n<p><label> Tu email<br \/>\n    <span class=\"wpcf7-form-control-wrap\" data-name=\"your-email\"><input type=\"email\" name=\"your-email\" value=\"\" size=\"40\" class=\"wpcf7-form-control wpcf7-text wpcf7-email wpcf7-validates-as-required wpcf7-validates-as-email\" aria-required=\"true\" aria-invalid=\"false\" \/><\/span> <\/label><\/p>\n<p><label> Asunto<br \/>\n    <span class=\"wpcf7-form-control-wrap\" data-name=\"your-subject\"><input type=\"text\" name=\"your-subject\" value=\"\" size=\"40\" class=\"wpcf7-form-control wpcf7-text wpcf7-validates-as-required\" aria-required=\"true\" aria-invalid=\"false\" \/><\/span> <\/label><\/p>\n<p><label> Tu mensaje (Opcional)<br \/>\n    <span class=\"wpcf7-form-control-wrap\" data-name=\"your-message\"><textarea name=\"your-message\" cols=\"40\" rows=\"10\" class=\"wpcf7-form-control wpcf7-textarea\" aria-invalid=\"false\"><\/textarea><\/span> <\/label><\/p>\n<p><input type=\"submit\" value=\"Enviar\" class=\"wpcf7-form-control has-spinner wpcf7-submit\" \/><\/p>\n<div class=\"wpcf7-response-output\" aria-hidden=\"true\"><\/div><\/form><\/div><div class=\"tlg-spacer\" data-height=\"35\" data-height-tablet=\"35\" data-height-mobile=\"35\" style=\"clear:both;display:block;height:35px;\"><\/div>[\/vc_column][\/vc_row]<\/p>\n<\/section>","protected":false},"excerpt":{"rendered":"<p>[vc_row full_width=&#8221;stretch_row&#8221;][vc_column][rev_slider_vc alias=&#8221;blog-slider&#8221;][\/vc_column][\/vc_row][vc_row tlg_background_style=&#8221;bg-secondary&#8221; css=&#8221;.vc_custom_1666740761270{background-color: #f79400 !important;}&#8221;][vc_column][\/vc_column][\/vc_row][vc_row full_width=&#8221;stretch_row&#8221;][vc_column][\/vc_column][\/vc_row][vc_row tlg_padding=&#8221;pt0&#8243;][vc_column width=&#8221;1\/3&#8243;][\/vc_column][vc_column width=&#8221;1\/3&#8243;][\/vc_column][vc_column width=&#8221;1\/3&#8243;][\/vc_column][\/vc_row][vc_row css=&#8221;.vc_custom_1666750168812{background-color: #eaeaea !important;}&#8221;][vc_column width=&#8221;2\/3&#8243;][vc_column_text]Somos&#8230;<\/p>\n","protected":false},"author":1,"featured_media":0,"parent":2013,"menu_order":0,"comment_status":"closed","ping_status":"closed","template":"","meta":{"om_disable_all_campaigns":false,"_monsterinsights_skip_tracking":false,"_monsterinsights_sitenote_active":false,"_monsterinsights_sitenote_note":"","_monsterinsights_sitenote_category":0},"aioseo_notices":[],"_links":{"self":[{"href":"https:\/\/atelierestructuras.com\/index.php\/wp-json\/wp\/v2\/pages\/2037"}],"collection":[{"href":"https:\/\/atelierestructuras.com\/index.php\/wp-json\/wp\/v2\/pages"}],"about":[{"href":"https:\/\/atelierestructuras.com\/index.php\/wp-json\/wp\/v2\/types\/page"}],"author":[{"embeddable":true,"href":"https:\/\/atelierestructuras.com\/index.php\/wp-json\/wp\/v2\/users\/1"}],"replies":[{"embeddable":true,"href":"https:\/\/atelierestructuras.com\/index.php\/wp-json\/wp\/v2\/comments?post=2037"}],"version-history":[{"count":60,"href":"https:\/\/atelierestructuras.com\/index.php\/wp-json\/wp\/v2\/pages\/2037\/revisions"}],"predecessor-version":[{"id":5035,"href":"https:\/\/atelierestructuras.com\/index.php\/wp-json\/wp\/v2\/pages\/2037\/revisions\/5035"}],"up":[{"embeddable":true,"href":"https:\/\/atelierestructuras.com\/index.php\/wp-json\/wp\/v2\/pages\/2013"}],"wp:attachment":[{"href":"https:\/\/atelierestructuras.com\/index.php\/wp-json\/wp\/v2\/media?parent=2037"}],"curies":[{"name":"wp","href":"https:\/\/api.w.org\/{rel}","templated":true}]}}